{"id":3510,"date":"2021-06-18T15:34:39","date_gmt":"2021-06-18T15:34:39","guid":{"rendered":"https:\/\/gravoplot.pt\/?post_type=product&#038;p=3510"},"modified":"2023-04-06T17:01:04","modified_gmt":"2023-04-06T17:01:04","slug":"divisoria-para-carros-grd","status":"publish","type":"product","link":"https:\/\/gravoplot.pt\/en\/product\/divisoria-para-carros-grd\/","title":{"rendered":"Divis\u00f3ria para Carros"},"content":{"rendered":"<div id=\"page264_htmltext7\" class=\"htmltext7_wp_outer\">\n<div>\n<p>Protections for motor vehicles<\/p>\n<\/div>\n<\/div>\n<div id=\"page264_htmltext3\" class=\"htmltext3_wp_outer\">\n<div>\n<p>Our dividers are in 3mm unbreakable polycarbonate, secured with elastic bands.<\/p>\n<p>Outras dimens\u00f5es sob consulta. N\u00e3o temos as dimens\u00f5es de todas as viaturas, tem de nos dar o m\u00e1ximo de dimens\u00f5es poss\u00edveis, com alguma margem para encaixar de certeza. Pode enviar ficheiro ou desenho vosso, croqui em anexo.<\/p>\n<\/div>\n<ul>\n<li>Weight per unit: 2Kg<\/li>\n<li><a href=\"https:\/\/gravoplot.pt\/wp-content\/uploads\/2022\/07\/11-Divisoria-Medidas.pdf\" target=\"_blank\" rel=\"noopener\" aria-label=\"Link para um site externo www.gravoplot.pt\">SEE DIMENSIONS<\/a><\/li>\n<\/ul>\n<\/div>","protected":false},"excerpt":{"rendered":"<div id=\"page264_htmltext7\" class=\"htmltext7_wp_outer\">\n<div>\n<p>Protections for motor vehicles<\/p>\n<\/div>\n<\/div>\n<div id=\"page264_htmltext3\" class=\"htmltext3_wp_outer\">\n<div>\n<p>Outras dimens\u00f5es sob consulta. As nossas divis\u00f3rias s\u00e3o em policarbonato inquebr\u00e1vel de 3mm, fixa\u00e7\u00e3o com el\u00e1sticos.<\/p>\n<p>We don't have the dimensions of all the vehicles, you have to give us as many dimensions as possible, with some margin to fit for sure. You can send your file or drawing, sketch attached.<\/p>\n<\/div>\n<ul>\n<li>Weight per unit: 2Kg<\/li>\n<li><a href=\"https:\/\/gravoplot.pt\/wp-content\/uploads\/2022\/07\/11-Divisoria-Medidas.pdf\" target=\"_blank\" rel=\"noopener\" aria-label=\"Link para um site externo www.gravoplot.pt\">SEE DIMENSIONS<\/a><\/li>\n<\/ul>\n<\/div>","protected":false},"featured_media":3512,"comment_status":"open","ping_status":"closed","template":"","meta":{"_monsterinsights_skip_tracking":false,"_monsterinsights_sitenote_active":false,"_monsterinsights_sitenote_note":"","_monsterinsights_sitenote_category":0},"product_brand":[],"product_cat":[36],"product_tag":[],"class_list":{"0":"post-3510","1":"product","2":"type-product","3":"status-publish","4":"has-post-thumbnail","6":"product_cat-divisorias","8":"first","9":"instock","10":"taxable","11":"shipping-taxable","12":"purchasable","13":"product-type-simple","14":"prodpage-style2"},"yoast_head":"<!-- This site is optimized with the Yoast SEO plugin v27.4 - https:\/\/yoast.com\/product\/yoast-seo-wordpress\/ -->\n<title>Divis\u00f3ria para Carros - Gravoplot<\/title>\n<meta name=\"robots\" content=\"index, follow, max-snippet:-1, max-image-preview:large, max-video-preview:-1\" \/>\n<link rel=\"canonical\" href=\"https:\/\/gravoplot.pt\/en\/product\/divisoria-para-carros-grd\/\" \/>\n<meta property=\"og:locale\" content=\"en_GB\" \/>\n<meta property=\"og:type\" content=\"article\" \/>\n<meta property=\"og:title\" content=\"Divis\u00f3ria para Carros - Gravoplot\" \/>\n<meta property=\"og:description\" content=\"Protec\u00e7\u00f5es para ve\u00edculos autom\u00f3veis       Outras dimens\u00f5es sob consulta. As nossas divis\u00f3rias s\u00e3o em policarbonato inquebr\u00e1vel de 3mm, fixa\u00e7\u00e3o com el\u00e1sticos.  N\u00e3o temos as dimens\u00f5es de todas as viaturas, tem de nos dar o m\u00e1ximo de dimens\u00f5es poss\u00edveis, com alguma margem para encaixar de certeza. Pode enviar ficheiro ou desenho vosso, croqui em anexo.     Peso por unidade: 2Kg  VER DIMENS\u00d5ES\" \/>\n<meta property=\"og:url\" content=\"https:\/\/gravoplot.pt\/en\/product\/divisoria-para-carros-grd\/\" \/>\n<meta property=\"og:site_name\" content=\"Gravoplot\" \/>\n<meta property=\"article:publisher\" content=\"https:\/\/www.facebook.com\/gravoplot\" \/>\n<meta property=\"article:modified_time\" content=\"2023-04-06T17:01:04+00:00\" \/>\n<meta property=\"og:image\" content=\"https:\/\/gravoplot.pt\/wp-content\/uploads\/2021\/06\/322667.jpg\" \/>\n\t<meta property=\"og:image:width\" content=\"500\" \/>\n\t<meta property=\"og:image:height\" content=\"385\" \/>\n\t<meta property=\"og:image:type\" content=\"image\/jpeg\" \/>\n<meta name=\"twitter:card\" content=\"summary_large_image\" \/>\n<meta name=\"twitter:label1\" content=\"Estimated reading time\" \/>\n\t<meta name=\"twitter:data1\" content=\"1 minute\" \/>\n<script type=\"application\/ld+json\" class=\"yoast-schema-graph\">{\"@context\":\"https:\\\/\\\/schema.org\",\"@graph\":[{\"@type\":\"WebPage\",\"@id\":\"https:\\\/\\\/gravoplot.pt\\\/produto\\\/divisoria-para-carros-grd\\\/\",\"url\":\"https:\\\/\\\/gravoplot.pt\\\/produto\\\/divisoria-para-carros-grd\\\/\",\"name\":\"Divis\u00f3ria para Carros - Gravoplot\",\"isPartOf\":{\"@id\":\"https:\\\/\\\/gravoplot.pt\\\/#website\"},\"primaryImageOfPage\":{\"@id\":\"https:\\\/\\\/gravoplot.pt\\\/produto\\\/divisoria-para-carros-grd\\\/#primaryimage\"},\"image\":{\"@id\":\"https:\\\/\\\/gravoplot.pt\\\/produto\\\/divisoria-para-carros-grd\\\/#primaryimage\"},\"thumbnailUrl\":\"https:\\\/\\\/gravoplot.pt\\\/wp-content\\\/uploads\\\/2021\\\/06\\\/322667.jpg\",\"datePublished\":\"2021-06-18T15:34:39+00:00\",\"dateModified\":\"2023-04-06T17:01:04+00:00\",\"breadcrumb\":{\"@id\":\"https:\\\/\\\/gravoplot.pt\\\/produto\\\/divisoria-para-carros-grd\\\/#breadcrumb\"},\"inLanguage\":\"en-GB\",\"potentialAction\":[{\"@type\":\"ReadAction\",\"target\":[\"https:\\\/\\\/gravoplot.pt\\\/produto\\\/divisoria-para-carros-grd\\\/\"]}]},{\"@type\":\"ImageObject\",\"inLanguage\":\"en-GB\",\"@id\":\"https:\\\/\\\/gravoplot.pt\\\/produto\\\/divisoria-para-carros-grd\\\/#primaryimage\",\"url\":\"https:\\\/\\\/gravoplot.pt\\\/wp-content\\\/uploads\\\/2021\\\/06\\\/322667.jpg\",\"contentUrl\":\"https:\\\/\\\/gravoplot.pt\\\/wp-content\\\/uploads\\\/2021\\\/06\\\/322667.jpg\",\"width\":500,\"height\":385},{\"@type\":\"BreadcrumbList\",\"@id\":\"https:\\\/\\\/gravoplot.pt\\\/produto\\\/divisoria-para-carros-grd\\\/#breadcrumb\",\"itemListElement\":[{\"@type\":\"ListItem\",\"position\":1,\"name\":\"In\u00edcio\",\"item\":\"https:\\\/\\\/gravoplot.pt\\\/\"},{\"@type\":\"ListItem\",\"position\":2,\"name\":\"Loja\",\"item\":\"https:\\\/\\\/gravoplot.pt\\\/shop\\\/\"},{\"@type\":\"ListItem\",\"position\":3,\"name\":\"Divis\u00f3ria para Carros\"}]},{\"@type\":\"WebSite\",\"@id\":\"https:\\\/\\\/gravoplot.pt\\\/#website\",\"url\":\"https:\\\/\\\/gravoplot.pt\\\/\",\"name\":\"Gravoplot\",\"description\":\"Solu\u00e7\u00f5es Integradas\",\"publisher\":{\"@id\":\"https:\\\/\\\/gravoplot.pt\\\/#organization\"},\"potentialAction\":[{\"@type\":\"SearchAction\",\"target\":{\"@type\":\"EntryPoint\",\"urlTemplate\":\"https:\\\/\\\/gravoplot.pt\\\/?s={search_term_string}\"},\"query-input\":{\"@type\":\"PropertyValueSpecification\",\"valueRequired\":true,\"valueName\":\"search_term_string\"}}],\"inLanguage\":\"en-GB\"},{\"@type\":\"Organization\",\"@id\":\"https:\\\/\\\/gravoplot.pt\\\/#organization\",\"name\":\"Gravoplot\",\"url\":\"https:\\\/\\\/gravoplot.pt\\\/\",\"logo\":{\"@type\":\"ImageObject\",\"inLanguage\":\"en-GB\",\"@id\":\"https:\\\/\\\/gravoplot.pt\\\/#\\\/schema\\\/logo\\\/image\\\/\",\"url\":\"https:\\\/\\\/gravoplot.pt\\\/wp-content\\\/uploads\\\/2021\\\/05\\\/Logo_Branco.png\",\"contentUrl\":\"https:\\\/\\\/gravoplot.pt\\\/wp-content\\\/uploads\\\/2021\\\/05\\\/Logo_Branco.png\",\"width\":500,\"height\":183,\"caption\":\"Gravoplot\"},\"image\":{\"@id\":\"https:\\\/\\\/gravoplot.pt\\\/#\\\/schema\\\/logo\\\/image\\\/\"},\"sameAs\":[\"https:\\\/\\\/www.facebook.com\\\/gravoplot\",\"https:\\\/\\\/www.instagram.com\\\/gravoplot\\\/\"]}]}<\/script>\n<!-- \/ Yoast SEO plugin. -->","yoast_head_json":{"title":"Divis\u00f3ria para Carros - Gravoplot","robots":{"index":"index","follow":"follow","max-snippet":"max-snippet:-1","max-image-preview":"max-image-preview:large","max-video-preview":"max-video-preview:-1"},"canonical":"https:\/\/gravoplot.pt\/en\/product\/divisoria-para-carros-grd\/","og_locale":"en_GB","og_type":"article","og_title":"Divis\u00f3ria para Carros - Gravoplot","og_description":"Protec\u00e7\u00f5es para ve\u00edculos autom\u00f3veis       Outras dimens\u00f5es sob consulta. As nossas divis\u00f3rias s\u00e3o em policarbonato inquebr\u00e1vel de 3mm, fixa\u00e7\u00e3o com el\u00e1sticos.  N\u00e3o temos as dimens\u00f5es de todas as viaturas, tem de nos dar o m\u00e1ximo de dimens\u00f5es poss\u00edveis, com alguma margem para encaixar de certeza. Pode enviar ficheiro ou desenho vosso, croqui em anexo.     Peso por unidade: 2Kg  VER DIMENS\u00d5ES","og_url":"https:\/\/gravoplot.pt\/en\/product\/divisoria-para-carros-grd\/","og_site_name":"Gravoplot","article_publisher":"https:\/\/www.facebook.com\/gravoplot","article_modified_time":"2023-04-06T17:01:04+00:00","og_image":[{"width":500,"height":385,"url":"https:\/\/gravoplot.pt\/wp-content\/uploads\/2021\/06\/322667.jpg","type":"image\/jpeg"}],"twitter_card":"summary_large_image","twitter_misc":{"Estimated reading time":"1 minute"},"schema":{"@context":"https:\/\/schema.org","@graph":[{"@type":"WebPage","@id":"https:\/\/gravoplot.pt\/produto\/divisoria-para-carros-grd\/","url":"https:\/\/gravoplot.pt\/produto\/divisoria-para-carros-grd\/","name":"Divis\u00f3ria para Carros - Gravoplot","isPartOf":{"@id":"https:\/\/gravoplot.pt\/#website"},"primaryImageOfPage":{"@id":"https:\/\/gravoplot.pt\/produto\/divisoria-para-carros-grd\/#primaryimage"},"image":{"@id":"https:\/\/gravoplot.pt\/produto\/divisoria-para-carros-grd\/#primaryimage"},"thumbnailUrl":"https:\/\/gravoplot.pt\/wp-content\/uploads\/2021\/06\/322667.jpg","datePublished":"2021-06-18T15:34:39+00:00","dateModified":"2023-04-06T17:01:04+00:00","breadcrumb":{"@id":"https:\/\/gravoplot.pt\/produto\/divisoria-para-carros-grd\/#breadcrumb"},"inLanguage":"en-GB","potentialAction":[{"@type":"ReadAction","target":["https:\/\/gravoplot.pt\/produto\/divisoria-para-carros-grd\/"]}]},{"@type":"ImageObject","inLanguage":"en-GB","@id":"https:\/\/gravoplot.pt\/produto\/divisoria-para-carros-grd\/#primaryimage","url":"https:\/\/gravoplot.pt\/wp-content\/uploads\/2021\/06\/322667.jpg","contentUrl":"https:\/\/gravoplot.pt\/wp-content\/uploads\/2021\/06\/322667.jpg","width":500,"height":385},{"@type":"BreadcrumbList","@id":"https:\/\/gravoplot.pt\/produto\/divisoria-para-carros-grd\/#breadcrumb","itemListElement":[{"@type":"ListItem","position":1,"name":"In\u00edcio","item":"https:\/\/gravoplot.pt\/"},{"@type":"ListItem","position":2,"name":"Loja","item":"https:\/\/gravoplot.pt\/shop\/"},{"@type":"ListItem","position":3,"name":"Divis\u00f3ria para Carros"}]},{"@type":"WebSite","@id":"https:\/\/gravoplot.pt\/#website","url":"https:\/\/gravoplot.pt\/","name":"Gravoplot","description":"Integrated Solutions","publisher":{"@id":"https:\/\/gravoplot.pt\/#organization"},"potentialAction":[{"@type":"SearchAction","target":{"@type":"EntryPoint","urlTemplate":"https:\/\/gravoplot.pt\/?s={search_term_string}"},"query-input":{"@type":"PropertyValueSpecification","valueRequired":true,"valueName":"search_term_string"}}],"inLanguage":"en-GB"},{"@type":"Organization","@id":"https:\/\/gravoplot.pt\/#organization","name":"Gravoplot","url":"https:\/\/gravoplot.pt\/","logo":{"@type":"ImageObject","inLanguage":"en-GB","@id":"https:\/\/gravoplot.pt\/#\/schema\/logo\/image\/","url":"https:\/\/gravoplot.pt\/wp-content\/uploads\/2021\/05\/Logo_Branco.png","contentUrl":"https:\/\/gravoplot.pt\/wp-content\/uploads\/2021\/05\/Logo_Branco.png","width":500,"height":183,"caption":"Gravoplot"},"image":{"@id":"https:\/\/gravoplot.pt\/#\/schema\/logo\/image\/"},"sameAs":["https:\/\/www.facebook.com\/gravoplot","https:\/\/www.instagram.com\/gravoplot\/"]}]}},"_links":{"self":[{"href":"https:\/\/gravoplot.pt\/en\/wp-json\/wp\/v2\/product\/3510","targetHints":{"allow":["GET"]}}],"collection":[{"href":"https:\/\/gravoplot.pt\/en\/wp-json\/wp\/v2\/product"}],"about":[{"href":"https:\/\/gravoplot.pt\/en\/wp-json\/wp\/v2\/types\/product"}],"replies":[{"embeddable":true,"href":"https:\/\/gravoplot.pt\/en\/wp-json\/wp\/v2\/comments?post=3510"}],"wp:featuredmedia":[{"embeddable":true,"href":"https:\/\/gravoplot.pt\/en\/wp-json\/wp\/v2\/media\/3512"}],"wp:attachment":[{"href":"https:\/\/gravoplot.pt\/en\/wp-json\/wp\/v2\/media?parent=3510"}],"wp:term":[{"taxonomy":"product_brand","embeddable":true,"href":"https:\/\/gravoplot.pt\/en\/wp-json\/wp\/v2\/product_brand?post=3510"},{"taxonomy":"product_cat","embeddable":true,"href":"https:\/\/gravoplot.pt\/en\/wp-json\/wp\/v2\/product_cat?post=3510"},{"taxonomy":"product_tag","embeddable":true,"href":"https:\/\/gravoplot.pt\/en\/wp-json\/wp\/v2\/product_tag?post=3510"}],"curies":[{"name":"wp","href":"https:\/\/api.w.org\/{rel}","templated":true}]}}