{"id":3534,"date":"2021-06-22T15:21:10","date_gmt":"2021-06-22T15:21:10","guid":{"rendered":"https:\/\/gravoplot.pt\/?post_type=product&#038;p=3534"},"modified":"2023-04-06T17:01:48","modified_gmt":"2023-04-06T17:01:48","slug":"proteccoes-de-balcao-com-abas","status":"publish","type":"product","link":"https:\/\/gravoplot.pt\/en\/product\/proteccoes-de-balcao-com-abas\/","title":{"rendered":"Tabbed Counter Protections"},"content":{"rendered":"<div id=\"page264_htmltext7\" class=\"htmltext7_wp_outer\">\n<div>\n<p>Counter protections with flaps<\/p>\n<\/div>\n<\/div>\n<div id=\"page264_htmltext3\" class=\"htmltext3_wp_outer\">\n<div>\n<ul>\n<li>Includes two stainless steel L-pieces with bi-adhesive for fastening<\/li>\n<li>specify the intended protection dimension and opening dimension<\/li>\n<\/ul>\n<\/div>\n<\/div>","protected":false},"excerpt":{"rendered":"<div id=\"page264_htmltext7\" class=\"htmltext7_wp_outer\">\n<div>\n<p>Counter protections with flaps<\/p>\n<\/div>\n<\/div>\n<div id=\"page264_htmltext3\" class=\"htmltext3_wp_outer\">\n<div>\n<ul>\n<li>Includes two stainless steel L-pieces with bi-adhesive for fastening<\/li>\n<li>specify the intended protection dimension and opening dimension<\/li>\n<\/ul>\n<\/div>\n<\/div>","protected":false},"featured_media":3535,"comment_status":"open","ping_status":"closed","template":"","meta":{"_monsterinsights_skip_tracking":false,"_monsterinsights_sitenote_active":false,"_monsterinsights_sitenote_note":"","_monsterinsights_sitenote_category":0},"product_brand":[],"product_cat":[573],"product_tag":[],"class_list":{"0":"post-3534","1":"product","2":"type-product","3":"status-publish","4":"has-post-thumbnail","6":"product_cat-proteccoes-de-balcao","8":"first","9":"instock","10":"taxable","11":"shipping-taxable","12":"purchasable","13":"product-type-variable","14":"prodpage-style2"},"yoast_head":"<!-- This site is optimized with the Yoast SEO plugin v27.4 - https:\/\/yoast.com\/product\/yoast-seo-wordpress\/ -->\n<title>Protec\u00e7\u00f5es de Balc\u00e3o com Abas - Gravoplot<\/title>\n<meta name=\"robots\" content=\"index, follow, max-snippet:-1, max-image-preview:large, max-video-preview:-1\" \/>\n<link rel=\"canonical\" href=\"https:\/\/gravoplot.pt\/en\/product\/proteccoes-de-balcao-com-abas\/\" \/>\n<meta property=\"og:locale\" content=\"en_GB\" \/>\n<meta property=\"og:type\" content=\"article\" \/>\n<meta property=\"og:title\" content=\"Protec\u00e7\u00f5es de Balc\u00e3o com Abas - Gravoplot\" \/>\n<meta property=\"og:description\" content=\"Protec\u00e7\u00f5es de Balc\u00e3o c\/abas        Inclui duas pe\u00e7as em L em inox com biadesiva para fixa\u00e7\u00e3o  especificar a dimens\u00e3o pretendida da prote\u00e7\u00e3o e dimens\u00e3o da abertura\" \/>\n<meta property=\"og:url\" content=\"https:\/\/gravoplot.pt\/en\/product\/proteccoes-de-balcao-com-abas\/\" \/>\n<meta property=\"og:site_name\" content=\"Gravoplot\" \/>\n<meta property=\"article:publisher\" content=\"https:\/\/www.facebook.com\/gravoplot\" \/>\n<meta property=\"article:modified_time\" content=\"2023-04-06T17:01:48+00:00\" \/>\n<meta property=\"og:image\" content=\"https:\/\/gravoplot.pt\/wp-content\/uploads\/2021\/06\/323141.jpg\" \/>\n\t<meta property=\"og:image:width\" content=\"720\" \/>\n\t<meta property=\"og:image:height\" content=\"720\" \/>\n\t<meta property=\"og:image:type\" content=\"image\/jpeg\" \/>\n<meta name=\"twitter:card\" content=\"summary_large_image\" \/>\n<meta name=\"twitter:label1\" content=\"Estimated reading time\" \/>\n\t<meta name=\"twitter:data1\" content=\"1 minute\" \/>\n<script type=\"application\/ld+json\" class=\"yoast-schema-graph\">{\"@context\":\"https:\\\/\\\/schema.org\",\"@graph\":[{\"@type\":\"WebPage\",\"@id\":\"https:\\\/\\\/gravoplot.pt\\\/produto\\\/proteccoes-de-balcao-com-abas\\\/\",\"url\":\"https:\\\/\\\/gravoplot.pt\\\/produto\\\/proteccoes-de-balcao-com-abas\\\/\",\"name\":\"Protec\u00e7\u00f5es de Balc\u00e3o com Abas - Gravoplot\",\"isPartOf\":{\"@id\":\"https:\\\/\\\/gravoplot.pt\\\/#website\"},\"primaryImageOfPage\":{\"@id\":\"https:\\\/\\\/gravoplot.pt\\\/produto\\\/proteccoes-de-balcao-com-abas\\\/#primaryimage\"},\"image\":{\"@id\":\"https:\\\/\\\/gravoplot.pt\\\/produto\\\/proteccoes-de-balcao-com-abas\\\/#primaryimage\"},\"thumbnailUrl\":\"https:\\\/\\\/gravoplot.pt\\\/wp-content\\\/uploads\\\/2021\\\/06\\\/323141.jpg\",\"datePublished\":\"2021-06-22T15:21:10+00:00\",\"dateModified\":\"2023-04-06T17:01:48+00:00\",\"breadcrumb\":{\"@id\":\"https:\\\/\\\/gravoplot.pt\\\/produto\\\/proteccoes-de-balcao-com-abas\\\/#breadcrumb\"},\"inLanguage\":\"en-GB\",\"potentialAction\":[{\"@type\":\"ReadAction\",\"target\":[\"https:\\\/\\\/gravoplot.pt\\\/produto\\\/proteccoes-de-balcao-com-abas\\\/\"]}]},{\"@type\":\"ImageObject\",\"inLanguage\":\"en-GB\",\"@id\":\"https:\\\/\\\/gravoplot.pt\\\/produto\\\/proteccoes-de-balcao-com-abas\\\/#primaryimage\",\"url\":\"https:\\\/\\\/gravoplot.pt\\\/wp-content\\\/uploads\\\/2021\\\/06\\\/323141.jpg\",\"contentUrl\":\"https:\\\/\\\/gravoplot.pt\\\/wp-content\\\/uploads\\\/2021\\\/06\\\/323141.jpg\",\"width\":720,\"height\":720},{\"@type\":\"BreadcrumbList\",\"@id\":\"https:\\\/\\\/gravoplot.pt\\\/produto\\\/proteccoes-de-balcao-com-abas\\\/#breadcrumb\",\"itemListElement\":[{\"@type\":\"ListItem\",\"position\":1,\"name\":\"In\u00edcio\",\"item\":\"https:\\\/\\\/gravoplot.pt\\\/\"},{\"@type\":\"ListItem\",\"position\":2,\"name\":\"Loja\",\"item\":\"https:\\\/\\\/gravoplot.pt\\\/shop\\\/\"},{\"@type\":\"ListItem\",\"position\":3,\"name\":\"Protec\u00e7\u00f5es de Balc\u00e3o com Abas\"}]},{\"@type\":\"WebSite\",\"@id\":\"https:\\\/\\\/gravoplot.pt\\\/#website\",\"url\":\"https:\\\/\\\/gravoplot.pt\\\/\",\"name\":\"Gravoplot\",\"description\":\"Solu\u00e7\u00f5es Integradas\",\"publisher\":{\"@id\":\"https:\\\/\\\/gravoplot.pt\\\/#organization\"},\"potentialAction\":[{\"@type\":\"SearchAction\",\"target\":{\"@type\":\"EntryPoint\",\"urlTemplate\":\"https:\\\/\\\/gravoplot.pt\\\/?s={search_term_string}\"},\"query-input\":{\"@type\":\"PropertyValueSpecification\",\"valueRequired\":true,\"valueName\":\"search_term_string\"}}],\"inLanguage\":\"en-GB\"},{\"@type\":\"Organization\",\"@id\":\"https:\\\/\\\/gravoplot.pt\\\/#organization\",\"name\":\"Gravoplot\",\"url\":\"https:\\\/\\\/gravoplot.pt\\\/\",\"logo\":{\"@type\":\"ImageObject\",\"inLanguage\":\"en-GB\",\"@id\":\"https:\\\/\\\/gravoplot.pt\\\/#\\\/schema\\\/logo\\\/image\\\/\",\"url\":\"https:\\\/\\\/gravoplot.pt\\\/wp-content\\\/uploads\\\/2021\\\/05\\\/Logo_Branco.png\",\"contentUrl\":\"https:\\\/\\\/gravoplot.pt\\\/wp-content\\\/uploads\\\/2021\\\/05\\\/Logo_Branco.png\",\"width\":500,\"height\":183,\"caption\":\"Gravoplot\"},\"image\":{\"@id\":\"https:\\\/\\\/gravoplot.pt\\\/#\\\/schema\\\/logo\\\/image\\\/\"},\"sameAs\":[\"https:\\\/\\\/www.facebook.com\\\/gravoplot\",\"https:\\\/\\\/www.instagram.com\\\/gravoplot\\\/\"]}]}<\/script>\n<!-- \/ Yoast SEO plugin. -->","yoast_head_json":{"title":"Protec\u00e7\u00f5es de Balc\u00e3o com Abas - Gravoplot","robots":{"index":"index","follow":"follow","max-snippet":"max-snippet:-1","max-image-preview":"max-image-preview:large","max-video-preview":"max-video-preview:-1"},"canonical":"https:\/\/gravoplot.pt\/en\/product\/proteccoes-de-balcao-com-abas\/","og_locale":"en_GB","og_type":"article","og_title":"Protec\u00e7\u00f5es de Balc\u00e3o com Abas - Gravoplot","og_description":"Protec\u00e7\u00f5es de Balc\u00e3o c\/abas        Inclui duas pe\u00e7as em L em inox com biadesiva para fixa\u00e7\u00e3o  especificar a dimens\u00e3o pretendida da prote\u00e7\u00e3o e dimens\u00e3o da abertura","og_url":"https:\/\/gravoplot.pt\/en\/product\/proteccoes-de-balcao-com-abas\/","og_site_name":"Gravoplot","article_publisher":"https:\/\/www.facebook.com\/gravoplot","article_modified_time":"2023-04-06T17:01:48+00:00","og_image":[{"width":720,"height":720,"url":"https:\/\/gravoplot.pt\/wp-content\/uploads\/2021\/06\/323141.jpg","type":"image\/jpeg"}],"twitter_card":"summary_large_image","twitter_misc":{"Estimated reading time":"1 minute"},"schema":{"@context":"https:\/\/schema.org","@graph":[{"@type":"WebPage","@id":"https:\/\/gravoplot.pt\/produto\/proteccoes-de-balcao-com-abas\/","url":"https:\/\/gravoplot.pt\/produto\/proteccoes-de-balcao-com-abas\/","name":"Protec\u00e7\u00f5es de Balc\u00e3o com Abas - Gravoplot","isPartOf":{"@id":"https:\/\/gravoplot.pt\/#website"},"primaryImageOfPage":{"@id":"https:\/\/gravoplot.pt\/produto\/proteccoes-de-balcao-com-abas\/#primaryimage"},"image":{"@id":"https:\/\/gravoplot.pt\/produto\/proteccoes-de-balcao-com-abas\/#primaryimage"},"thumbnailUrl":"https:\/\/gravoplot.pt\/wp-content\/uploads\/2021\/06\/323141.jpg","datePublished":"2021-06-22T15:21:10+00:00","dateModified":"2023-04-06T17:01:48+00:00","breadcrumb":{"@id":"https:\/\/gravoplot.pt\/produto\/proteccoes-de-balcao-com-abas\/#breadcrumb"},"inLanguage":"en-GB","potentialAction":[{"@type":"ReadAction","target":["https:\/\/gravoplot.pt\/produto\/proteccoes-de-balcao-com-abas\/"]}]},{"@type":"ImageObject","inLanguage":"en-GB","@id":"https:\/\/gravoplot.pt\/produto\/proteccoes-de-balcao-com-abas\/#primaryimage","url":"https:\/\/gravoplot.pt\/wp-content\/uploads\/2021\/06\/323141.jpg","contentUrl":"https:\/\/gravoplot.pt\/wp-content\/uploads\/2021\/06\/323141.jpg","width":720,"height":720},{"@type":"BreadcrumbList","@id":"https:\/\/gravoplot.pt\/produto\/proteccoes-de-balcao-com-abas\/#breadcrumb","itemListElement":[{"@type":"ListItem","position":1,"name":"In\u00edcio","item":"https:\/\/gravoplot.pt\/"},{"@type":"ListItem","position":2,"name":"Loja","item":"https:\/\/gravoplot.pt\/shop\/"},{"@type":"ListItem","position":3,"name":"Protec\u00e7\u00f5es de Balc\u00e3o com Abas"}]},{"@type":"WebSite","@id":"https:\/\/gravoplot.pt\/#website","url":"https:\/\/gravoplot.pt\/","name":"Gravoplot","description":"Integrated Solutions","publisher":{"@id":"https:\/\/gravoplot.pt\/#organization"},"potentialAction":[{"@type":"SearchAction","target":{"@type":"EntryPoint","urlTemplate":"https:\/\/gravoplot.pt\/?s={search_term_string}"},"query-input":{"@type":"PropertyValueSpecification","valueRequired":true,"valueName":"search_term_string"}}],"inLanguage":"en-GB"},{"@type":"Organization","@id":"https:\/\/gravoplot.pt\/#organization","name":"Gravoplot","url":"https:\/\/gravoplot.pt\/","logo":{"@type":"ImageObject","inLanguage":"en-GB","@id":"https:\/\/gravoplot.pt\/#\/schema\/logo\/image\/","url":"https:\/\/gravoplot.pt\/wp-content\/uploads\/2021\/05\/Logo_Branco.png","contentUrl":"https:\/\/gravoplot.pt\/wp-content\/uploads\/2021\/05\/Logo_Branco.png","width":500,"height":183,"caption":"Gravoplot"},"image":{"@id":"https:\/\/gravoplot.pt\/#\/schema\/logo\/image\/"},"sameAs":["https:\/\/www.facebook.com\/gravoplot","https:\/\/www.instagram.com\/gravoplot\/"]}]}},"_links":{"self":[{"href":"https:\/\/gravoplot.pt\/en\/wp-json\/wp\/v2\/product\/3534","targetHints":{"allow":["GET"]}}],"collection":[{"href":"https:\/\/gravoplot.pt\/en\/wp-json\/wp\/v2\/product"}],"about":[{"href":"https:\/\/gravoplot.pt\/en\/wp-json\/wp\/v2\/types\/product"}],"replies":[{"embeddable":true,"href":"https:\/\/gravoplot.pt\/en\/wp-json\/wp\/v2\/comments?post=3534"}],"wp:featuredmedia":[{"embeddable":true,"href":"https:\/\/gravoplot.pt\/en\/wp-json\/wp\/v2\/media\/3535"}],"wp:attachment":[{"href":"https:\/\/gravoplot.pt\/en\/wp-json\/wp\/v2\/media?parent=3534"}],"wp:term":[{"taxonomy":"product_brand","embeddable":true,"href":"https:\/\/gravoplot.pt\/en\/wp-json\/wp\/v2\/product_brand?post=3534"},{"taxonomy":"product_cat","embeddable":true,"href":"https:\/\/gravoplot.pt\/en\/wp-json\/wp\/v2\/product_cat?post=3534"},{"taxonomy":"product_tag","embeddable":true,"href":"https:\/\/gravoplot.pt\/en\/wp-json\/wp\/v2\/product_tag?post=3534"}],"curies":[{"name":"wp","href":"https:\/\/api.w.org\/{rel}","templated":true}]}}